{"id":3449,"date":"2026-04-21T11:10:58","date_gmt":"2026-04-21T11:10:58","guid":{"rendered":"https:\/\/www.janaposth.com\/?page_id=3449"},"modified":"2026-04-21T13:10:58","modified_gmt":"2026-04-21T11:10:58","slug":"impressum","status":"publish","type":"page","link":"https:\/\/www.janaposth.com\/de\/impressum\/","title":{"rendered":"Impressum"},"content":{"rendered":"\n<h1 class=\"wp-block-heading\">Impressum<\/h1>\n\n\n\n<div  class=\"agb_content agb_imprint  notranslate\"><div>Jana Posth<br \/>\nStargarder Str. 16<br \/>\n10437 Berlin<br \/>\nDeutschland<br \/>\n<br \/>\nTel.: 01733579686<br \/>\nE-Mail: mail@janaposth.com<br \/>\n<br \/>\nWir sind zur Teilnahme an einem Streitbeilegungsverfahren vor einer Verbraucherschlichtungsstelle weder verpflichtet noch bereit.<\/div><div id=\"itkanzlei_txt_copyright\" style=\"font-size: 12px; margin-top: 8em;\"><div style=\"display: inline-block; vertical-align: top; margin-left: 5px; float: right; white-space: nowrap;\">Stand: 21.04.2026, 13:10:57<\/div><div style=\"clear: right;\"><\/div><\/div><\/div>\n\n\n\n<h2 class=\"wp-block-heading\">Fotos<\/h2>\n\n\n\n<p><a href=\"https:\/\/oliverlook.de\/\" target=\"_blank\" rel=\"noreferrer noopener\">Oliver Look Photography<\/a><br>Alejandro Vieira<br><a data-type=\"URL\" data-id=\"https:\/\/www.mhvogel.de\/\" href=\"https:\/\/www.mhvogel.de\/\" target=\"_blank\" rel=\"noreferrer noopener\">Manfred Vogel<\/a><br><a data-type=\"URL\" data-id=\"https:\/\/www.npac-weiwuying.org\/about?lang=en\" href=\"https:\/\/www.npac-weiwuying.org\/about?lang=en\" target=\"_blank\" rel=\"noreferrer noopener\">Weiwuying<\/a><br><a data-type=\"URL\" data-id=\"https:\/\/www.instagram.com\/posthings\/\" href=\"https:\/\/www.instagram.com\/posthings\/\" target=\"_blank\" rel=\"noreferrer noopener\">posthings<\/a><br>Fotos \u201eIn den Medien\u201c: \u00a9 Jan Heesen, \u00a9 Demian Pleuler, \u00a9 Marius Althof<\/p>\n\n\n\n<h2 class=\"wp-block-heading\">Konzept, Design, Text &amp; Programmierung<\/h2>\n\n\n\n<p>WEBKREATION<br>Pappelallee 78\/79<br>10437 Berlin<br><a href=\"mailto:hallo@webkreation.berlin\">hallo@webkreation.berlin<\/a><br><a href=\"https:\/\/www.webkreation.berlin\/\">www.webkreation.berlin<\/a><\/p>\n\n\n\n<h2 class=\"wp-block-heading\">Haftung und Urheberrechte<\/h2>\n\n\n\n<p>Die Informationen werden st\u00e4ndig von Jana Posth gepr\u00fcft und aktualisiert. F\u00fcr Richtigkeit, Vollst\u00e4ndigkeit und Aktualit\u00e4t der zur Verf\u00fcgung gestellten Informationen kann dennoch keine Haftung oder Garantie \u00fcbernommen werden. Gleiches gilt f\u00fcr alle Webseiten, auf die mittels Hyperlink verwiesen wird. Jana Posth \u00fcbernimmt keine Verantwortung f\u00fcr die Darstellung und den Inhalt der Website, die aufgrund einer solchen Verbindung erreicht werden. Der Inhalt und die Struktur der Website sind urheberrechtlich gesch\u00fctzt. Die Verwendung von Texten, Textteilen oder Bildmaterial bedarf der vorherigen Zustimmung von Jana Posth.<\/p>\n","protected":false},"excerpt":{"rendered":"<p>Impressum Fotos Oliver Look PhotographyAlejandro VieiraManfred VogelWeiwuyingposthingsFotos \u201eIn den Medien\u201c: \u00a9 Jan Heesen, \u00a9 Demian Pleuler, \u00a9 Marius Althof Konzept, Design, Text &amp; Programmierung WEBKREATIONPappelallee 78\/7910437 Berlinhallo@webkreation.berlinwww.webkreation.berlin Haftung und Urheberrechte Die Informationen werden st\u00e4ndig von Jana Posth gepr\u00fcft und aktualisiert. F\u00fcr Richtigkeit, Vollst\u00e4ndigkeit und Aktualit\u00e4t der zur Verf\u00fcgung gestellten Informationen kann dennoch keine Haftung oder [&hellip;]<\/p>\n","protected":false},"author":1,"featured_media":0,"parent":0,"menu_order":0,"comment_status":"closed","ping_status":"closed","template":"","meta":{"inline_featured_image":false,"footnotes":""},"class_list":["post-3449","page","type-page","status-publish","hentry"],"yoast_head":"<!-- This site is optimized with the Yoast SEO plugin v26.9 - https:\/\/yoast.com\/product\/yoast-seo-wordpress\/ -->\n<title>Impressum \u25ba Jana Posth, Creative Producer (Berlin, NYC)<\/title>\n<meta name=\"description\" content=\"Impressum: Jana Posth, Creative Producer, Stargarder Str. 16, 10437 Berlin, mail@janaposth.com, \u260e +49 (0) 173 3579686 \u2713\" \/>\n<meta name=\"robots\" content=\"index, follow, max-snippet:-1, max-image-preview:large, max-video-preview:-1\" \/>\n<link rel=\"canonical\" href=\"https:\/\/www.janaposth.com\/de\/impressum\/\" \/>\n<meta property=\"og:locale\" content=\"de_DE\" \/>\n<meta property=\"og:type\" content=\"article\" \/>\n<meta property=\"og:title\" content=\"Impressum: Jana Posth\" \/>\n<meta property=\"og:description\" content=\"Creative Producer\" \/>\n<meta property=\"og:url\" content=\"https:\/\/www.janaposth.com\/de\/impressum\/\" \/>\n<meta property=\"og:site_name\" content=\"Jana Posth\" \/>\n<meta property=\"og:image\" content=\"https:\/\/www.janaposth.com\/wp-content\/uploads\/2021\/02\/creative-producer-jana-posth-facebook.jpg\" \/>\n\t<meta property=\"og:image:width\" content=\"1200\" \/>\n\t<meta property=\"og:image:height\" content=\"630\" \/>\n\t<meta property=\"og:image:type\" content=\"image\/jpeg\" \/>\n<meta name=\"twitter:card\" content=\"summary_large_image\" \/>\n<meta name=\"twitter:title\" content=\"Impressum: Jana Posth\" \/>\n<meta name=\"twitter:description\" content=\"Creative Producer\" \/>\n<meta name=\"twitter:image\" content=\"https:\/\/www.janaposth.com\/wp-content\/uploads\/2021\/02\/creative-producer-jana-posth-twitter.jpg\" \/>\n<meta name=\"twitter:label1\" content=\"Gesch\u00e4tzte Lesezeit\" \/>\n\t<meta name=\"twitter:data1\" content=\"1\u00a0Minute\" \/>\n<script type=\"application\/ld+json\" class=\"yoast-schema-graph\">{\"@context\":\"https:\/\/schema.org\",\"@graph\":[{\"@type\":\"WebPage\",\"@id\":\"https:\/\/www.janaposth.com\/de\/impressum\/\",\"url\":\"https:\/\/www.janaposth.com\/de\/impressum\/\",\"name\":\"Impressum \u25ba Jana Posth, Creative Producer (Berlin, NYC)\",\"isPartOf\":{\"@id\":\"https:\/\/www.janaposth.com\/de\/#website\"},\"datePublished\":\"2026-04-21T11:10:58+00:00\",\"description\":\"Impressum: Jana Posth, Creative Producer, Stargarder Str. 16, 10437 Berlin, mail@janaposth.com, \u260e +49 (0) 173 3579686 \u2713\",\"breadcrumb\":{\"@id\":\"https:\/\/www.janaposth.com\/de\/impressum\/#breadcrumb\"},\"inLanguage\":\"de\",\"potentialAction\":[{\"@type\":\"ReadAction\",\"target\":[\"https:\/\/www.janaposth.com\/de\/impressum\/\"]}]},{\"@type\":\"BreadcrumbList\",\"@id\":\"https:\/\/www.janaposth.com\/de\/impressum\/#breadcrumb\",\"itemListElement\":[{\"@type\":\"ListItem\",\"position\":1,\"name\":\"Startseite\",\"item\":\"https:\/\/www.janaposth.com\/de\/\"},{\"@type\":\"ListItem\",\"position\":2,\"name\":\"Impressum\"}]},{\"@type\":\"WebSite\",\"@id\":\"https:\/\/www.janaposth.com\/de\/#website\",\"url\":\"https:\/\/www.janaposth.com\/de\/\",\"name\":\"Jana Posth\",\"description\":\"Creative Producer\",\"potentialAction\":[{\"@type\":\"SearchAction\",\"target\":{\"@type\":\"EntryPoint\",\"urlTemplate\":\"https:\/\/www.janaposth.com\/de\/?s={search_term_string}\"},\"query-input\":{\"@type\":\"PropertyValueSpecification\",\"valueRequired\":true,\"valueName\":\"search_term_string\"}}],\"inLanguage\":\"de\"}]}<\/script>\n<!-- \/ Yoast SEO plugin. -->","yoast_head_json":{"title":"Impressum \u25ba Jana Posth, Creative Producer (Berlin, NYC)","description":"Impressum: Jana Posth, Creative Producer, Stargarder Str. 16, 10437 Berlin, mail@janaposth.com, \u260e +49 (0) 173 3579686 \u2713","robots":{"index":"index","follow":"follow","max-snippet":"max-snippet:-1","max-image-preview":"max-image-preview:large","max-video-preview":"max-video-preview:-1"},"canonical":"https:\/\/www.janaposth.com\/de\/impressum\/","og_locale":"de_DE","og_type":"article","og_title":"Impressum: Jana Posth","og_description":"Creative Producer","og_url":"https:\/\/www.janaposth.com\/de\/impressum\/","og_site_name":"Jana Posth","og_image":[{"width":1200,"height":630,"url":"https:\/\/www.janaposth.com\/wp-content\/uploads\/2021\/02\/creative-producer-jana-posth-facebook.jpg","type":"image\/jpeg"}],"twitter_card":"summary_large_image","twitter_title":"Impressum: Jana Posth","twitter_description":"Creative Producer","twitter_image":"https:\/\/www.janaposth.com\/wp-content\/uploads\/2021\/02\/creative-producer-jana-posth-twitter.jpg","twitter_misc":{"Gesch\u00e4tzte Lesezeit":"1\u00a0Minute"},"schema":{"@context":"https:\/\/schema.org","@graph":[{"@type":"WebPage","@id":"https:\/\/www.janaposth.com\/de\/impressum\/","url":"https:\/\/www.janaposth.com\/de\/impressum\/","name":"Impressum \u25ba Jana Posth, Creative Producer (Berlin, NYC)","isPartOf":{"@id":"https:\/\/www.janaposth.com\/de\/#website"},"datePublished":"2026-04-21T11:10:58+00:00","description":"Impressum: Jana Posth, Creative Producer, Stargarder Str. 16, 10437 Berlin, mail@janaposth.com, \u260e +49 (0) 173 3579686 \u2713","breadcrumb":{"@id":"https:\/\/www.janaposth.com\/de\/impressum\/#breadcrumb"},"inLanguage":"de","potentialAction":[{"@type":"ReadAction","target":["https:\/\/www.janaposth.com\/de\/impressum\/"]}]},{"@type":"BreadcrumbList","@id":"https:\/\/www.janaposth.com\/de\/impressum\/#breadcrumb","itemListElement":[{"@type":"ListItem","position":1,"name":"Startseite","item":"https:\/\/www.janaposth.com\/de\/"},{"@type":"ListItem","position":2,"name":"Impressum"}]},{"@type":"WebSite","@id":"https:\/\/www.janaposth.com\/de\/#website","url":"https:\/\/www.janaposth.com\/de\/","name":"Jana Posth","description":"Creative Producer","potentialAction":[{"@type":"SearchAction","target":{"@type":"EntryPoint","urlTemplate":"https:\/\/www.janaposth.com\/de\/?s={search_term_string}"},"query-input":{"@type":"PropertyValueSpecification","valueRequired":true,"valueName":"search_term_string"}}],"inLanguage":"de"}]}},"_links":{"self":[{"href":"https:\/\/www.janaposth.com\/de\/wp-json\/wp\/v2\/pages\/3449","targetHints":{"allow":["GET"]}}],"collection":[{"href":"https:\/\/www.janaposth.com\/de\/wp-json\/wp\/v2\/pages"}],"about":[{"href":"https:\/\/www.janaposth.com\/de\/wp-json\/wp\/v2\/types\/page"}],"author":[{"embeddable":true,"href":"https:\/\/www.janaposth.com\/de\/wp-json\/wp\/v2\/users\/1"}],"replies":[{"embeddable":true,"href":"https:\/\/www.janaposth.com\/de\/wp-json\/wp\/v2\/comments?post=3449"}],"version-history":[{"count":18,"href":"https:\/\/www.janaposth.com\/de\/wp-json\/wp\/v2\/pages\/3449\/revisions"}],"predecessor-version":[{"id":5670,"href":"https:\/\/www.janaposth.com\/de\/wp-json\/wp\/v2\/pages\/3449\/revisions\/5670"}],"wp:attachment":[{"href":"https:\/\/www.janaposth.com\/de\/wp-json\/wp\/v2\/media?parent=3449"}],"curies":[{"name":"wp","href":"https:\/\/api.w.org\/{rel}","templated":true}]}}